{"id":25,"date":"2025-09-22T14:07:30","date_gmt":"2025-09-22T12:07:30","guid":{"rendered":"https:\/\/shootandcreate.fr\/?page_id=25"},"modified":"2025-10-30T09:02:06","modified_gmt":"2025-10-30T08:02:06","slug":"accueil-shoot-create-sylvie-berland-photographe-mariage","status":"publish","type":"page","link":"https:\/\/shootandcreate.fr\/","title":{"rendered":"Photographe mariage &amp; ext\u00e9rieur \u2013 Shoot &amp; Create"},"content":{"rendered":"<p><!-- Intro avec slogan --><\/p>\n<div style=\"text-align: center; margin-bottom: 40px;\">\n<p style=\"font-size: 20px; color: #b48a78; font-style: italic; margin-bottom: 10px;\">\u2728 Chasseuse d\u2019\u00e9motions, dompteuse d\u2019images \u2728<\/p>\n<h1 style=\"font-size: 32px; margin: 0;\">Photographe Mariage &amp; Ext\u00e9rieur \u2013 Shoot &amp; Create<\/h1>\n<p style=\"font-size: 18px; margin-top: 10px;\">Depuis 2015, je capture vos plus beaux instants avec authenticit\u00e9, en lumi\u00e8re naturelle.<\/p>\n<\/div>\n<p><!-- Section pr\u00e9sentation --><\/p>\n<div class=\"wp-block-columns\" style=\"margin-bottom: 40px;\">\n<div class=\"wp-block-column\">\n<p>Bienvenue, je suis <strong>Sylvie Berland<\/strong>, photographe mariage depuis 2015 et fondatrice de <em>Shoot &amp; Create<\/em>.<\/p>\n<p>Je me suis sp\u00e9cialis\u00e9e dans le <strong>reportage de mariage<\/strong>, car rien ne me touche plus que de figer les \u00e9motions intenses et uniques de ce jour si pr\u00e9cieux.<\/p>\n<\/div>\n<div class=\"wp-block-column\" style=\"text-align: center;\"><img loading=\"lazy\" decoding=\"async\" class=\"alignnone size-medium wp-image-86\" src=\"https:\/\/shootandcreate.fr\/wp-content\/uploads\/2025\/09\/LG694-edited-300x300.jpg\" alt=\"\" width=\"300\" height=\"300\" srcset=\"https:\/\/shootandcreate.fr\/wp-content\/uploads\/2025\/09\/LG694-edited-300x300.jpg 300w, https:\/\/shootandcreate.fr\/wp-content\/uploads\/2025\/09\/LG694-edited-1024x1024.jpg 1024w, https:\/\/shootandcreate.fr\/wp-content\/uploads\/2025\/09\/LG694-edited-150x150.jpg 150w, https:\/\/shootandcreate.fr\/wp-content\/uploads\/2025\/09\/LG694-edited-768x768.jpg 768w, https:\/\/shootandcreate.fr\/wp-content\/uploads\/2025\/09\/LG694-edited-1536x1536.jpg 1536w, https:\/\/shootandcreate.fr\/wp-content\/uploads\/2025\/09\/LG694-edited-60x60.jpg 60w, https:\/\/shootandcreate.fr\/wp-content\/uploads\/2025\/09\/LG694-edited.jpg 1709w\" sizes=\"auto, (max-width: 300px) 100vw, 300px\" \/><\/div>\n<\/div>\n<p><!-- Liste mise en \u00e9vidence --><\/p>\n<div style=\"background: #f9f5f2; padding: 20px; border-radius: 12px; margin-bottom: 40px;\">\n<h2 style=\"text-align: center;\">\ud83d\udca1 Ce que vous trouverez dans mes photos de photographe mariage en Gironde :<\/h2>\n<ul style=\"max-width: 500px; margin: 0 auto; font-size: 17px;\">\n<li>Des instants vrais, pris sur le vif<\/li>\n<li>Des images naturelles, baign\u00e9es de lumi\u00e8re<\/li>\n<li>Des souvenirs intemporels, fid\u00e8les \u00e0 votre histoire<\/li>\n<\/ul>\n<\/div>\n<div style=\"border-left: 4px solid #b48a78; padding-left: 15px; font-size: 18px; color: #555; margin: 20px 0;\">\ud83d\udc49 <strong>Un choix artistique assum\u00e9 :<\/strong><br \/>\nJe ne propose plus de s\u00e9ances en studio ou en int\u00e9rieur.<br \/>\nMon univers est celui de la <strong>lumi\u00e8re naturelle et des d\u00e9cors ext\u00e9rieurs<\/strong> :<br \/>\nl\u00e0 o\u00f9 les \u00e9motions s\u2019expriment librement.<\/div>\n<div><\/div>\n<p><!-- S\u00e9ances famille\/nourrisson --><\/p>\n<div class=\"wp-block-columns\" style=\"margin-bottom: 40px;\">\n<div class=\"wp-block-column\" style=\"text-align: center;\"><img decoding=\"async\" style=\"border-radius: 10px; max-width: 100%;\" src=\"[IMAGE-FAMILLE]\" alt=\"S\u00e9ance famille ext\u00e9rieure\" \/><\/div>\n<div class=\"wp-block-column\">\n<p>Cela signifie que je n\u2019assure plus de <strong>s\u00e9ances nourrisson ou autre en int\u00e9rieur<\/strong>.<br \/>\nMais pour les familles, je propose des <strong>s\u00e9ances cocooning en ext\u00e9rieur<\/strong>, afin de capturer complicit\u00e9 et tendresse dans un cadre vivant.<\/p>\n<\/div>\n<\/div>\n<p><!-- Conclusion --><\/p>\n<div style=\"text-align: center; margin-top: 40px;\">\n<h2>\ud83c\udfaf Mon objectif<\/h2>\n<p style=\"font-size: 18px; max-width: 700px; margin: 0 auto;\">Vous offrir des images sinc\u00e8res, pleines de vie, que vous aurez plaisir \u00e0 revivre et \u00e0 partager toute votre vie.<\/p>\n<p><a class=\"wp-block-button__link wp-element-button\" style=\"margin-top: 20px; display: inline-block; background: #b48a78; color: #fff; padding: 12px 20px; border-radius: 8px; text-decoration: none;\" href=\"\/prestations-mariage\">D\u00e9couvrir mes formules mariage<br \/>\n<\/a><\/p>\n<\/div>\n","protected":false},"excerpt":{"rendered":"<p>\u2728 Chasseuse d\u2019\u00e9motions, dompteuse d\u2019images \u2728 Photographe Mariage &amp; Ext\u00e9rieur \u2013 Shoot &amp; Create Depuis 2015, je capture vos plus beaux instants avec authenticit\u00e9, en lumi\u00e8re naturelle. Bienvenue, je suis Sylvie Berland, photographe mariage depuis 2015 et fondatrice de Shoot &amp; Create. Je me suis sp\u00e9cialis\u00e9e dans le reportage de mariage, car rien ne me &hellip; <\/p>\n","protected":false},"author":1,"featured_media":0,"parent":0,"menu_order":0,"comment_status":"closed","ping_status":"closed","template":"","meta":{"footnotes":""},"class_list":["post-25","page","type-page","status-publish","hentry"],"yoast_head":"<!-- This site is optimized with the Yoast SEO plugin v27.4 - https:\/\/yoast.com\/product\/yoast-seo-wordpress\/ -->\n<title>Photographe Mariage &amp; Ext\u00e9rieur \u2013 Shoot &amp; Create<\/title>\n<meta name=\"description\" content=\"Photographe mariage sp\u00e9cialis\u00e9e en ext\u00e9rieur, je capture vos \u00e9motions en lumi\u00e8re naturelle. Mariages, couples, familles.\" \/>\n<meta name=\"robots\" content=\"index, follow, max-snippet:-1, max-image-preview:large, max-video-preview:-1\" \/>\n<link rel=\"canonical\" href=\"https:\/\/shootandcreate.fr\/\" \/>\n<meta property=\"og:locale\" content=\"fr_FR\" \/>\n<meta property=\"og:type\" content=\"article\" \/>\n<meta property=\"og:title\" content=\"Photographe Mariage &amp; Ext\u00e9rieur \u2013 Shoot &amp; Create\" \/>\n<meta property=\"og:description\" content=\"Photographe mariage sp\u00e9cialis\u00e9e en ext\u00e9rieur, je capture vos \u00e9motions en lumi\u00e8re naturelle. Mariages, couples, familles.\" \/>\n<meta property=\"og:url\" content=\"https:\/\/shootandcreate.fr\/\" \/>\n<meta property=\"og:site_name\" content=\"Shoot &amp; Create\" \/>\n<meta property=\"article:publisher\" content=\"https:\/\/www.facebook.com\/shootandcreate\/\" \/>\n<meta property=\"article:modified_time\" content=\"2025-10-30T08:02:06+00:00\" \/>\n<meta property=\"og:image\" content=\"https:\/\/shootandcreate.fr\/wp-content\/uploads\/2025\/09\/LG694-edited.jpg\" \/>\n\t<meta property=\"og:image:width\" content=\"1709\" \/>\n\t<meta property=\"og:image:height\" content=\"1709\" \/>\n\t<meta property=\"og:image:type\" content=\"image\/jpeg\" \/>\n<meta name=\"twitter:card\" content=\"summary_large_image\" \/>\n<meta name=\"twitter:label1\" content=\"Dur\u00e9e de lecture estim\u00e9e\" \/>\n\t<meta name=\"twitter:data1\" content=\"2 minutes\" \/>\n<script type=\"application\/ld+json\" class=\"yoast-schema-graph\">{\"@context\":\"https:\\\/\\\/schema.org\",\"@graph\":[{\"@type\":\"WebPage\",\"@id\":\"https:\\\/\\\/shootandcreate.fr\\\/\",\"url\":\"https:\\\/\\\/shootandcreate.fr\\\/\",\"name\":\"Photographe Mariage & Ext\u00e9rieur \u2013 Shoot & Create\",\"isPartOf\":{\"@id\":\"https:\\\/\\\/shootandcreate.fr\\\/#website\"},\"primaryImageOfPage\":{\"@id\":\"https:\\\/\\\/shootandcreate.fr\\\/#primaryimage\"},\"image\":{\"@id\":\"https:\\\/\\\/shootandcreate.fr\\\/#primaryimage\"},\"thumbnailUrl\":\"https:\\\/\\\/shootandcreate.fr\\\/wp-content\\\/uploads\\\/2025\\\/09\\\/LG694-edited-300x300.jpg\",\"datePublished\":\"2025-09-22T12:07:30+00:00\",\"dateModified\":\"2025-10-30T08:02:06+00:00\",\"description\":\"Photographe mariage sp\u00e9cialis\u00e9e en ext\u00e9rieur, je capture vos \u00e9motions en lumi\u00e8re naturelle. Mariages, couples, familles.\",\"breadcrumb\":{\"@id\":\"https:\\\/\\\/shootandcreate.fr\\\/#breadcrumb\"},\"inLanguage\":\"fr-FR\",\"potentialAction\":[{\"@type\":\"ReadAction\",\"target\":[\"https:\\\/\\\/shootandcreate.fr\\\/\"]}]},{\"@type\":\"ImageObject\",\"inLanguage\":\"fr-FR\",\"@id\":\"https:\\\/\\\/shootandcreate.fr\\\/#primaryimage\",\"url\":\"https:\\\/\\\/shootandcreate.fr\\\/wp-content\\\/uploads\\\/2025\\\/09\\\/LG694-edited.jpg\",\"contentUrl\":\"https:\\\/\\\/shootandcreate.fr\\\/wp-content\\\/uploads\\\/2025\\\/09\\\/LG694-edited.jpg\",\"width\":1709,\"height\":1709},{\"@type\":\"BreadcrumbList\",\"@id\":\"https:\\\/\\\/shootandcreate.fr\\\/#breadcrumb\",\"itemListElement\":[{\"@type\":\"ListItem\",\"position\":1,\"name\":\"Accueil\",\"item\":\"https:\\\/\\\/shootandcreate.fr\\\/\"},{\"@type\":\"ListItem\",\"position\":2,\"name\":\"Photographe mariage &amp; ext\u00e9rieur \u2013 Shoot &amp; Create\"}]},{\"@type\":\"WebSite\",\"@id\":\"https:\\\/\\\/shootandcreate.fr\\\/#website\",\"url\":\"https:\\\/\\\/shootandcreate.fr\\\/\",\"name\":\"Shoot & Create\",\"description\":\"Photographe\",\"publisher\":{\"@id\":\"https:\\\/\\\/shootandcreate.fr\\\/#organization\"},\"potentialAction\":[{\"@type\":\"SearchAction\",\"target\":{\"@type\":\"EntryPoint\",\"urlTemplate\":\"https:\\\/\\\/shootandcreate.fr\\\/?s={search_term_string}\"},\"query-input\":{\"@type\":\"PropertyValueSpecification\",\"valueRequired\":true,\"valueName\":\"search_term_string\"}}],\"inLanguage\":\"fr-FR\"},{\"@type\":\"Organization\",\"@id\":\"https:\\\/\\\/shootandcreate.fr\\\/#organization\",\"name\":\"Shoot & Create\",\"url\":\"https:\\\/\\\/shootandcreate.fr\\\/\",\"logo\":{\"@type\":\"ImageObject\",\"inLanguage\":\"fr-FR\",\"@id\":\"https:\\\/\\\/shootandcreate.fr\\\/#\\\/schema\\\/logo\\\/image\\\/\",\"url\":\"https:\\\/\\\/shootandcreate.fr\\\/wp-content\\\/uploads\\\/2025\\\/09\\\/Logo-Carre.jpg\",\"contentUrl\":\"https:\\\/\\\/shootandcreate.fr\\\/wp-content\\\/uploads\\\/2025\\\/09\\\/Logo-Carre.jpg\",\"width\":1080,\"height\":1080,\"caption\":\"Shoot & Create\"},\"image\":{\"@id\":\"https:\\\/\\\/shootandcreate.fr\\\/#\\\/schema\\\/logo\\\/image\\\/\"},\"sameAs\":[\"https:\\\/\\\/www.facebook.com\\\/shootandcreate\\\/\",\"https:\\\/\\\/www.instagram.com\\\/shootandcreate\\\/\"]}]}<\/script>\n<!-- \/ Yoast SEO plugin. -->","yoast_head_json":{"title":"Photographe Mariage & Ext\u00e9rieur \u2013 Shoot & Create","description":"Photographe mariage sp\u00e9cialis\u00e9e en ext\u00e9rieur, je capture vos \u00e9motions en lumi\u00e8re naturelle. Mariages, couples, familles.","robots":{"index":"index","follow":"follow","max-snippet":"max-snippet:-1","max-image-preview":"max-image-preview:large","max-video-preview":"max-video-preview:-1"},"canonical":"https:\/\/shootandcreate.fr\/","og_locale":"fr_FR","og_type":"article","og_title":"Photographe Mariage & Ext\u00e9rieur \u2013 Shoot & Create","og_description":"Photographe mariage sp\u00e9cialis\u00e9e en ext\u00e9rieur, je capture vos \u00e9motions en lumi\u00e8re naturelle. Mariages, couples, familles.","og_url":"https:\/\/shootandcreate.fr\/","og_site_name":"Shoot &amp; Create","article_publisher":"https:\/\/www.facebook.com\/shootandcreate\/","article_modified_time":"2025-10-30T08:02:06+00:00","og_image":[{"width":1709,"height":1709,"url":"https:\/\/shootandcreate.fr\/wp-content\/uploads\/2025\/09\/LG694-edited.jpg","type":"image\/jpeg"}],"twitter_card":"summary_large_image","twitter_misc":{"Dur\u00e9e de lecture estim\u00e9e":"2 minutes"},"schema":{"@context":"https:\/\/schema.org","@graph":[{"@type":"WebPage","@id":"https:\/\/shootandcreate.fr\/","url":"https:\/\/shootandcreate.fr\/","name":"Photographe Mariage & Ext\u00e9rieur \u2013 Shoot & Create","isPartOf":{"@id":"https:\/\/shootandcreate.fr\/#website"},"primaryImageOfPage":{"@id":"https:\/\/shootandcreate.fr\/#primaryimage"},"image":{"@id":"https:\/\/shootandcreate.fr\/#primaryimage"},"thumbnailUrl":"https:\/\/shootandcreate.fr\/wp-content\/uploads\/2025\/09\/LG694-edited-300x300.jpg","datePublished":"2025-09-22T12:07:30+00:00","dateModified":"2025-10-30T08:02:06+00:00","description":"Photographe mariage sp\u00e9cialis\u00e9e en ext\u00e9rieur, je capture vos \u00e9motions en lumi\u00e8re naturelle. Mariages, couples, familles.","breadcrumb":{"@id":"https:\/\/shootandcreate.fr\/#breadcrumb"},"inLanguage":"fr-FR","potentialAction":[{"@type":"ReadAction","target":["https:\/\/shootandcreate.fr\/"]}]},{"@type":"ImageObject","inLanguage":"fr-FR","@id":"https:\/\/shootandcreate.fr\/#primaryimage","url":"https:\/\/shootandcreate.fr\/wp-content\/uploads\/2025\/09\/LG694-edited.jpg","contentUrl":"https:\/\/shootandcreate.fr\/wp-content\/uploads\/2025\/09\/LG694-edited.jpg","width":1709,"height":1709},{"@type":"BreadcrumbList","@id":"https:\/\/shootandcreate.fr\/#breadcrumb","itemListElement":[{"@type":"ListItem","position":1,"name":"Accueil","item":"https:\/\/shootandcreate.fr\/"},{"@type":"ListItem","position":2,"name":"Photographe mariage &amp; ext\u00e9rieur \u2013 Shoot &amp; Create"}]},{"@type":"WebSite","@id":"https:\/\/shootandcreate.fr\/#website","url":"https:\/\/shootandcreate.fr\/","name":"Shoot & Create","description":"Photographe","publisher":{"@id":"https:\/\/shootandcreate.fr\/#organization"},"potentialAction":[{"@type":"SearchAction","target":{"@type":"EntryPoint","urlTemplate":"https:\/\/shootandcreate.fr\/?s={search_term_string}"},"query-input":{"@type":"PropertyValueSpecification","valueRequired":true,"valueName":"search_term_string"}}],"inLanguage":"fr-FR"},{"@type":"Organization","@id":"https:\/\/shootandcreate.fr\/#organization","name":"Shoot & Create","url":"https:\/\/shootandcreate.fr\/","logo":{"@type":"ImageObject","inLanguage":"fr-FR","@id":"https:\/\/shootandcreate.fr\/#\/schema\/logo\/image\/","url":"https:\/\/shootandcreate.fr\/wp-content\/uploads\/2025\/09\/Logo-Carre.jpg","contentUrl":"https:\/\/shootandcreate.fr\/wp-content\/uploads\/2025\/09\/Logo-Carre.jpg","width":1080,"height":1080,"caption":"Shoot & Create"},"image":{"@id":"https:\/\/shootandcreate.fr\/#\/schema\/logo\/image\/"},"sameAs":["https:\/\/www.facebook.com\/shootandcreate\/","https:\/\/www.instagram.com\/shootandcreate\/"]}]}},"_links":{"self":[{"href":"https:\/\/shootandcreate.fr\/index.php?rest_route=\/wp\/v2\/pages\/25","targetHints":{"allow":["GET"]}}],"collection":[{"href":"https:\/\/shootandcreate.fr\/index.php?rest_route=\/wp\/v2\/pages"}],"about":[{"href":"https:\/\/shootandcreate.fr\/index.php?rest_route=\/wp\/v2\/types\/page"}],"author":[{"embeddable":true,"href":"https:\/\/shootandcreate.fr\/index.php?rest_route=\/wp\/v2\/users\/1"}],"replies":[{"embeddable":true,"href":"https:\/\/shootandcreate.fr\/index.php?rest_route=%2Fwp%2Fv2%2Fcomments&post=25"}],"version-history":[{"count":24,"href":"https:\/\/shootandcreate.fr\/index.php?rest_route=\/wp\/v2\/pages\/25\/revisions"}],"predecessor-version":[{"id":157,"href":"https:\/\/shootandcreate.fr\/index.php?rest_route=\/wp\/v2\/pages\/25\/revisions\/157"}],"wp:attachment":[{"href":"https:\/\/shootandcreate.fr\/index.php?rest_route=%2Fwp%2Fv2%2Fmedia&parent=25"}],"curies":[{"name":"wp","href":"https:\/\/api.w.org\/{rel}","templated":true}]}}