{"id":28,"date":"2025-09-16T18:22:03","date_gmt":"2025-09-16T16:22:03","guid":{"rendered":"https:\/\/shootandcreate.fr\/?page_id=28"},"modified":"2025-09-24T14:00:42","modified_gmt":"2025-09-24T12:00:42","slug":"a-propos","status":"publish","type":"page","link":"https:\/\/shootandcreate.fr\/?page_id=28","title":{"rendered":"\u00c0 propos"},"content":{"rendered":"\n<p><\/p>\n\n\n\n<div class=\"wp-block-columns is-layout-flex wp-container-core-columns-is-layout-9d6595d7 wp-block-columns-is-layout-flex\">\n<div class=\"wp-block-column is-layout-flow wp-block-column-is-layout-flow\" style=\"flex-basis:66.66%\">\n<figure class=\"wp-block-image size-large\"><img loading=\"lazy\" decoding=\"async\" width=\"750\" height=\"750\" src=\"https:\/\/shootandcreate.fr\/wp-content\/uploads\/2025\/09\/En-pleine-action-4-1-edited.jpg\" alt=\"\" class=\"wp-image-70\" srcset=\"https:\/\/shootandcreate.fr\/wp-content\/uploads\/2025\/09\/En-pleine-action-4-1-edited.jpg 750w, https:\/\/shootandcreate.fr\/wp-content\/uploads\/2025\/09\/En-pleine-action-4-1-edited-300x300.jpg 300w, https:\/\/shootandcreate.fr\/wp-content\/uploads\/2025\/09\/En-pleine-action-4-1-edited-150x150.jpg 150w, https:\/\/shootandcreate.fr\/wp-content\/uploads\/2025\/09\/En-pleine-action-4-1-edited-60x60.jpg 60w\" sizes=\"auto, (max-width: 750px) 100vw, 750px\" \/><\/figure>\n<\/div>\n\n\n\n<div class=\"wp-block-column is-layout-flow wp-block-column-is-layout-flow\" style=\"flex-basis:33.33%\">\n<p><\/p>\n\n\n\n<p class=\"has-text-align-center\"><strong>Je suis Sylvie Berland, fondatrice de <strong>Shoot &amp; Create<\/strong><\/strong><\/p>\n\n\n\n<p class=\"has-text-align-center\"><br>Derri\u00e8re mon objectif, je me d\u00e9finis comme une <strong>chasseuse d\u2019\u00e9motion et une dompteuse d\u2019image<\/strong>. Mon m\u00e9tier est bien plus qu\u2019une passion : c\u2019est une v\u00e9ritable rencontre avec les histoires, les regards et les instants qui marquent une vie.<\/p>\n<\/div>\n<\/div>\n\n\n\n<p>Tr\u00e8s t\u00f4t, je me suis sp\u00e9cialis\u00e9e dans le <strong>reportage de mariage<\/strong>. Ce que j\u2019aime par-dessus tout, c\u2019est raconter en images une journ\u00e9e unique, charg\u00e9e d\u2019amour et de complicit\u00e9. Chaque mariage est une nouvelle aventure, un m\u00e9lange d\u2019authenticit\u00e9 et de spontan\u00e9it\u00e9 que je prends plaisir \u00e0 capturer discr\u00e8tement, sans artifice.<\/p>\n\n\n\n<p>Mon style se veut <strong>naturel, lumineux et sinc\u00e8re<\/strong>. Mon objectif est de vous offrir des photos qui vous ressemblent, des souvenirs intemporels qui traverseront les ann\u00e9es et que vous prendrez plaisir \u00e0 partager et \u00e0 transmettre.<\/p>\n\n\n\n<p>En dehors des mariages, je r\u00e9alise aussi des <strong>reportages pour d\u2019autres \u00e9v\u00e9nements<\/strong> : bapt\u00eames, naissances, grossesses, anniversaires, s\u00e9ances en famille ou en couple, toujours avec la m\u00eame attention port\u00e9e \u00e0 l\u2019\u00e9motion et aux d\u00e9tails.<\/p>\n\n\n\n<p>\ud83d\udcf8 <strong>Pour moi, chaque image est un fragment de votre histoire.<\/strong><\/p>\n","protected":false},"excerpt":{"rendered":"<p>Je suis Sylvie Berland, fondatrice de Shoot &amp; Create Derri\u00e8re mon objectif, je me d\u00e9finis comme une chasseuse d\u2019\u00e9motion et une dompteuse d\u2019image. Mon m\u00e9tier est bien plus qu\u2019une passion : c\u2019est une v\u00e9ritable rencontre avec les histoires, les regards et les instants qui marquent une vie. Tr\u00e8s t\u00f4t, je me suis sp\u00e9cialis\u00e9e dans le &hellip; <\/p>\n","protected":false},"author":1,"featured_media":0,"parent":0,"menu_order":0,"comment_status":"closed","ping_status":"closed","template":"","meta":{"footnotes":""},"class_list":["post-28","page","type-page","status-publish","hentry"],"yoast_head":"<!-- This site is optimized with the Yoast SEO plugin v27.4 - https:\/\/yoast.com\/product\/yoast-seo-wordpress\/ -->\n<title>\u00c0 propos - Shoot &amp; Create - Sylvie Berland Photographe Mariage<\/title>\n<meta name=\"description\" content=\"D\u00e9couvrez Sylvie Berland, fondatrice de Shoot &amp; Create. Photographe mariage passionn\u00e9e depuis 2015, sp\u00e9cialis\u00e9e dans les reportages naturels.\" \/>\n<meta name=\"robots\" content=\"index, follow, max-snippet:-1, max-image-preview:large, max-video-preview:-1\" \/>\n<link rel=\"canonical\" href=\"https:\/\/shootandcreate.fr\/?page_id=28\" \/>\n<meta property=\"og:locale\" content=\"fr_FR\" \/>\n<meta property=\"og:type\" content=\"article\" \/>\n<meta property=\"og:title\" content=\"\u00c0 propos - Shoot &amp; Create - Sylvie Berland Photographe Mariage\" \/>\n<meta property=\"og:description\" content=\"D\u00e9couvrez Sylvie Berland, fondatrice de Shoot &amp; Create. Photographe mariage passionn\u00e9e depuis 2015, sp\u00e9cialis\u00e9e dans les reportages naturels.\" \/>\n<meta property=\"og:url\" content=\"https:\/\/shootandcreate.fr\/?page_id=28\" \/>\n<meta property=\"og:site_name\" content=\"Shoot &amp; Create\" \/>\n<meta property=\"article:publisher\" content=\"https:\/\/www.facebook.com\/shootandcreate\/\" \/>\n<meta property=\"article:modified_time\" content=\"2025-09-24T12:00:42+00:00\" \/>\n<meta property=\"og:image\" content=\"https:\/\/shootandcreate.fr\/wp-content\/uploads\/2025\/09\/En-pleine-action-4-1-edited.jpg\" \/>\n<meta name=\"twitter:card\" content=\"summary_large_image\" \/>\n<meta name=\"twitter:label1\" content=\"Dur\u00e9e de lecture estim\u00e9e\" \/>\n\t<meta name=\"twitter:data1\" content=\"2 minutes\" \/>\n<script type=\"application\/ld+json\" class=\"yoast-schema-graph\">{\"@context\":\"https:\\\/\\\/schema.org\",\"@graph\":[{\"@type\":\"WebPage\",\"@id\":\"https:\\\/\\\/shootandcreate.fr\\\/?page_id=28\",\"url\":\"https:\\\/\\\/shootandcreate.fr\\\/?page_id=28\",\"name\":\"\u00c0 propos - Shoot &amp; Create - Sylvie Berland Photographe Mariage\",\"isPartOf\":{\"@id\":\"https:\\\/\\\/shootandcreate.fr\\\/#website\"},\"primaryImageOfPage\":{\"@id\":\"https:\\\/\\\/shootandcreate.fr\\\/?page_id=28#primaryimage\"},\"image\":{\"@id\":\"https:\\\/\\\/shootandcreate.fr\\\/?page_id=28#primaryimage\"},\"thumbnailUrl\":\"https:\\\/\\\/shootandcreate.fr\\\/wp-content\\\/uploads\\\/2025\\\/09\\\/En-pleine-action-4-1-edited.jpg\",\"datePublished\":\"2025-09-16T16:22:03+00:00\",\"dateModified\":\"2025-09-24T12:00:42+00:00\",\"description\":\"D\u00e9couvrez Sylvie Berland, fondatrice de Shoot & Create. Photographe mariage passionn\u00e9e depuis 2015, sp\u00e9cialis\u00e9e dans les reportages naturels.\",\"breadcrumb\":{\"@id\":\"https:\\\/\\\/shootandcreate.fr\\\/?page_id=28#breadcrumb\"},\"inLanguage\":\"fr-FR\",\"potentialAction\":[{\"@type\":\"ReadAction\",\"target\":[\"https:\\\/\\\/shootandcreate.fr\\\/?page_id=28\"]}]},{\"@type\":\"ImageObject\",\"inLanguage\":\"fr-FR\",\"@id\":\"https:\\\/\\\/shootandcreate.fr\\\/?page_id=28#primaryimage\",\"url\":\"https:\\\/\\\/shootandcreate.fr\\\/wp-content\\\/uploads\\\/2025\\\/09\\\/En-pleine-action-4-1-edited.jpg\",\"contentUrl\":\"https:\\\/\\\/shootandcreate.fr\\\/wp-content\\\/uploads\\\/2025\\\/09\\\/En-pleine-action-4-1-edited.jpg\",\"width\":750,\"height\":750},{\"@type\":\"BreadcrumbList\",\"@id\":\"https:\\\/\\\/shootandcreate.fr\\\/?page_id=28#breadcrumb\",\"itemListElement\":[{\"@type\":\"ListItem\",\"position\":1,\"name\":\"Accueil\",\"item\":\"https:\\\/\\\/shootandcreate.fr\\\/\"},{\"@type\":\"ListItem\",\"position\":2,\"name\":\"\u00c0 propos\"}]},{\"@type\":\"WebSite\",\"@id\":\"https:\\\/\\\/shootandcreate.fr\\\/#website\",\"url\":\"https:\\\/\\\/shootandcreate.fr\\\/\",\"name\":\"Shoot & Create\",\"description\":\"Photographe\",\"publisher\":{\"@id\":\"https:\\\/\\\/shootandcreate.fr\\\/#organization\"},\"potentialAction\":[{\"@type\":\"SearchAction\",\"target\":{\"@type\":\"EntryPoint\",\"urlTemplate\":\"https:\\\/\\\/shootandcreate.fr\\\/?s={search_term_string}\"},\"query-input\":{\"@type\":\"PropertyValueSpecification\",\"valueRequired\":true,\"valueName\":\"search_term_string\"}}],\"inLanguage\":\"fr-FR\"},{\"@type\":\"Organization\",\"@id\":\"https:\\\/\\\/shootandcreate.fr\\\/#organization\",\"name\":\"Shoot & Create\",\"url\":\"https:\\\/\\\/shootandcreate.fr\\\/\",\"logo\":{\"@type\":\"ImageObject\",\"inLanguage\":\"fr-FR\",\"@id\":\"https:\\\/\\\/shootandcreate.fr\\\/#\\\/schema\\\/logo\\\/image\\\/\",\"url\":\"https:\\\/\\\/shootandcreate.fr\\\/wp-content\\\/uploads\\\/2025\\\/09\\\/Logo-Carre.jpg\",\"contentUrl\":\"https:\\\/\\\/shootandcreate.fr\\\/wp-content\\\/uploads\\\/2025\\\/09\\\/Logo-Carre.jpg\",\"width\":1080,\"height\":1080,\"caption\":\"Shoot & Create\"},\"image\":{\"@id\":\"https:\\\/\\\/shootandcreate.fr\\\/#\\\/schema\\\/logo\\\/image\\\/\"},\"sameAs\":[\"https:\\\/\\\/www.facebook.com\\\/shootandcreate\\\/\",\"https:\\\/\\\/www.instagram.com\\\/shootandcreate\\\/\"]}]}<\/script>\n<!-- \/ Yoast SEO plugin. -->","yoast_head_json":{"title":"\u00c0 propos - Shoot &amp; Create - Sylvie Berland Photographe Mariage","description":"D\u00e9couvrez Sylvie Berland, fondatrice de Shoot & Create. Photographe mariage passionn\u00e9e depuis 2015, sp\u00e9cialis\u00e9e dans les reportages naturels.","robots":{"index":"index","follow":"follow","max-snippet":"max-snippet:-1","max-image-preview":"max-image-preview:large","max-video-preview":"max-video-preview:-1"},"canonical":"https:\/\/shootandcreate.fr\/?page_id=28","og_locale":"fr_FR","og_type":"article","og_title":"\u00c0 propos - Shoot &amp; Create - Sylvie Berland Photographe Mariage","og_description":"D\u00e9couvrez Sylvie Berland, fondatrice de Shoot & Create. Photographe mariage passionn\u00e9e depuis 2015, sp\u00e9cialis\u00e9e dans les reportages naturels.","og_url":"https:\/\/shootandcreate.fr\/?page_id=28","og_site_name":"Shoot &amp; Create","article_publisher":"https:\/\/www.facebook.com\/shootandcreate\/","article_modified_time":"2025-09-24T12:00:42+00:00","og_image":[{"url":"https:\/\/shootandcreate.fr\/wp-content\/uploads\/2025\/09\/En-pleine-action-4-1-edited.jpg","type":"","width":"","height":""}],"twitter_card":"summary_large_image","twitter_misc":{"Dur\u00e9e de lecture estim\u00e9e":"2 minutes"},"schema":{"@context":"https:\/\/schema.org","@graph":[{"@type":"WebPage","@id":"https:\/\/shootandcreate.fr\/?page_id=28","url":"https:\/\/shootandcreate.fr\/?page_id=28","name":"\u00c0 propos - Shoot &amp; Create - Sylvie Berland Photographe Mariage","isPartOf":{"@id":"https:\/\/shootandcreate.fr\/#website"},"primaryImageOfPage":{"@id":"https:\/\/shootandcreate.fr\/?page_id=28#primaryimage"},"image":{"@id":"https:\/\/shootandcreate.fr\/?page_id=28#primaryimage"},"thumbnailUrl":"https:\/\/shootandcreate.fr\/wp-content\/uploads\/2025\/09\/En-pleine-action-4-1-edited.jpg","datePublished":"2025-09-16T16:22:03+00:00","dateModified":"2025-09-24T12:00:42+00:00","description":"D\u00e9couvrez Sylvie Berland, fondatrice de Shoot & Create. Photographe mariage passionn\u00e9e depuis 2015, sp\u00e9cialis\u00e9e dans les reportages naturels.","breadcrumb":{"@id":"https:\/\/shootandcreate.fr\/?page_id=28#breadcrumb"},"inLanguage":"fr-FR","potentialAction":[{"@type":"ReadAction","target":["https:\/\/shootandcreate.fr\/?page_id=28"]}]},{"@type":"ImageObject","inLanguage":"fr-FR","@id":"https:\/\/shootandcreate.fr\/?page_id=28#primaryimage","url":"https:\/\/shootandcreate.fr\/wp-content\/uploads\/2025\/09\/En-pleine-action-4-1-edited.jpg","contentUrl":"https:\/\/shootandcreate.fr\/wp-content\/uploads\/2025\/09\/En-pleine-action-4-1-edited.jpg","width":750,"height":750},{"@type":"BreadcrumbList","@id":"https:\/\/shootandcreate.fr\/?page_id=28#breadcrumb","itemListElement":[{"@type":"ListItem","position":1,"name":"Accueil","item":"https:\/\/shootandcreate.fr\/"},{"@type":"ListItem","position":2,"name":"\u00c0 propos"}]},{"@type":"WebSite","@id":"https:\/\/shootandcreate.fr\/#website","url":"https:\/\/shootandcreate.fr\/","name":"Shoot & Create","description":"Photographe","publisher":{"@id":"https:\/\/shootandcreate.fr\/#organization"},"potentialAction":[{"@type":"SearchAction","target":{"@type":"EntryPoint","urlTemplate":"https:\/\/shootandcreate.fr\/?s={search_term_string}"},"query-input":{"@type":"PropertyValueSpecification","valueRequired":true,"valueName":"search_term_string"}}],"inLanguage":"fr-FR"},{"@type":"Organization","@id":"https:\/\/shootandcreate.fr\/#organization","name":"Shoot & Create","url":"https:\/\/shootandcreate.fr\/","logo":{"@type":"ImageObject","inLanguage":"fr-FR","@id":"https:\/\/shootandcreate.fr\/#\/schema\/logo\/image\/","url":"https:\/\/shootandcreate.fr\/wp-content\/uploads\/2025\/09\/Logo-Carre.jpg","contentUrl":"https:\/\/shootandcreate.fr\/wp-content\/uploads\/2025\/09\/Logo-Carre.jpg","width":1080,"height":1080,"caption":"Shoot & Create"},"image":{"@id":"https:\/\/shootandcreate.fr\/#\/schema\/logo\/image\/"},"sameAs":["https:\/\/www.facebook.com\/shootandcreate\/","https:\/\/www.instagram.com\/shootandcreate\/"]}]}},"_links":{"self":[{"href":"https:\/\/shootandcreate.fr\/index.php?rest_route=\/wp\/v2\/pages\/28","targetHints":{"allow":["GET"]}}],"collection":[{"href":"https:\/\/shootandcreate.fr\/index.php?rest_route=\/wp\/v2\/pages"}],"about":[{"href":"https:\/\/shootandcreate.fr\/index.php?rest_route=\/wp\/v2\/types\/page"}],"author":[{"embeddable":true,"href":"https:\/\/shootandcreate.fr\/index.php?rest_route=\/wp\/v2\/users\/1"}],"replies":[{"embeddable":true,"href":"https:\/\/shootandcreate.fr\/index.php?rest_route=%2Fwp%2Fv2%2Fcomments&post=28"}],"version-history":[{"count":9,"href":"https:\/\/shootandcreate.fr\/index.php?rest_route=\/wp\/v2\/pages\/28\/revisions"}],"predecessor-version":[{"id":71,"href":"https:\/\/shootandcreate.fr\/index.php?rest_route=\/wp\/v2\/pages\/28\/revisions\/71"}],"wp:attachment":[{"href":"https:\/\/shootandcreate.fr\/index.php?rest_route=%2Fwp%2Fv2%2Fmedia&parent=28"}],"curies":[{"name":"wp","href":"https:\/\/api.w.org\/{rel}","templated":true}]}}